{"id":17230,"date":"2021-11-04T13:24:57","date_gmt":"2021-11-04T12:24:57","guid":{"rendered":"https:\/\/www.frabina.ch\/?page_id=17230"},"modified":"2024-11-12T13:45:41","modified_gmt":"2024-11-12T12:45:41","slug":"impressum","status":"publish","type":"page","link":"https:\/\/www.frabina.ch\/es\/impressum\/","title":{"rendered":"Impressum"},"content":{"rendered":"\t\t<div data-elementor-type=\"wp-page\" data-elementor-id=\"17230\" class=\"elementor elementor-17230 elementor-15574\">\n\t\t\t\t\t\t<section class=\"elementor-section elementor-top-section elementor-element elementor-element-aca1844 elementor-section-boxed elementor-section-height-default elementor-section-height-default\" data-id=\"aca1844\" data-element_type=\"section\" data-e-type=\"section\" data-settings=\"{&quot;pix_scale_in&quot;:&quot;none&quot;}\">\n\t\t\t\t\t\t<div class=\"elementor-container elementor-column-gap-default\">\n\t\t\t\t\t<div class=\"elementor-column elementor-col-100 elementor-top-column elementor-element elementor-element-498964b\" data-id=\"498964b\" data-element_type=\"column\" data-e-type=\"column\" data-settings=\"{&quot;pix_scale_in&quot;:&quot;none&quot;}\">\n\t\t\t<div class=\"elementor-widget-wrap elementor-element-populated\">\n\t\t\t\t\t\t<div class=\"elementor-element elementor-element-328dcfa elementor-widget elementor-widget-text-editor\" data-id=\"328dcfa\" data-element_type=\"widget\" data-e-type=\"widget\" data-widget_type=\"text-editor.default\">\n\t\t\t\t<div class=\"elementor-widget-container\">\n\t\t\t\t\t\t\t\t\t<p><strong>Direcci\u00f3n de contacto<\/strong><\/p><p>frabina<br \/>Kapellenstrasse 24<br \/>3011 Berna<br \/>Suiza<\/p><p>por correo electr\u00f3nico:<br \/>info@frabina.ch<\/p><p><strong>Representante(s) autorizado(s)<\/strong><\/p><p>Tania Oliveira, Jefa de Unidad\u00a0<\/p><p><strong>Descargo de responsabilidad<\/strong><\/p><p>El autor no asume ninguna responsabilidad por la correcci\u00f3n, exactitud, actualidad, fiabilidad e integridad de la informaci\u00f3n.<\/p><p>Por lo tanto, se rechazar\u00e1n las reclamaciones de responsabilidad relativas a los da\u00f1os causados por el uso de cualquier informaci\u00f3n proporcionada, incluyendo cualquier tipo de informaci\u00f3n que sea incompleta o incorrecta.<\/p><p>Todas las ofertas son sin compromiso. El autor se reserva expresamente el derecho a modificar, complementar o eliminar partes de las p\u00e1ginas o toda la oferta sin previo aviso o a interrumpir la publicaci\u00f3n temporal o definitivamente.<\/p><p><strong>Descargo de responsabilidad para los enlaces<\/strong><\/p><p>Las referencias y enlaces a sitios web de terceros est\u00e1n fuera de nuestro \u00e1mbito de responsabilidad. No aceptamos ninguna responsabilidad por dichos sitios web. El acceso y la utilizaci\u00f3n de estos sitios web se realizan por cuenta y riesgo del usuario.<\/p><p><strong>Copyright<\/strong><\/p><p>Los derechos de autor y todos los dem\u00e1s derechos sobre el contenido, las im\u00e1genes, las fotos u otros archivos de este sitio web pertenecen exclusivamente a la entidad jur\u00eddica frabina o a los titulares de los derechos espec\u00edficamente mencionados. Para la reproducci\u00f3n de cualquier elemento debe obtenerse previamente el consentimiento por escrito del titular de los derechos de autor.<\/p><p>Fuente:\u00a0 <a href=\"https:\/\/www.swissanwalt.ch\" target=\"_blank\" rel=\"noopener\">SwissAnwalt<\/a><\/p>\t\t\t\t\t\t\t\t<\/div>\n\t\t\t\t<\/div>\n\t\t\t\t\t<\/div>\n\t\t<\/div>\n\t\t\t\t\t<\/div>\n\t\t<\/section>\n\t\t\t\t<\/div>\n\t\t","protected":false},"excerpt":{"rendered":"<p>Direcci\u00f3n de contacto frabinaKapellenstrasse 243011 BernaSuiza por correo electr\u00f3nico:info@frabina.ch Representante(s) autorizado(s) Tania Oliveira, Jefa de Unidad\u00a0 Descargo de responsabilidad El autor no asume ninguna responsabilidad por la correcci\u00f3n, exactitud, actualidad, fiabilidad e integridad de la informaci\u00f3n. Por lo tanto, se&#8230;<\/p>\n","protected":false},"author":3,"featured_media":0,"parent":0,"menu_order":0,"comment_status":"closed","ping_status":"closed","template":"","meta":{"_monsterinsights_skip_tracking":false,"_monsterinsights_sitenote_active":false,"_monsterinsights_sitenote_note":"","_monsterinsights_sitenote_category":0,"footnotes":""},"class_list":["post-17230","page","type-page","status-publish","hentry"],"aioseo_notices":[],"_links":{"self":[{"href":"https:\/\/www.frabina.ch\/es\/wp-json\/wp\/v2\/pages\/17230","targetHints":{"allow":["GET"]}}],"collection":[{"href":"https:\/\/www.frabina.ch\/es\/wp-json\/wp\/v2\/pages"}],"about":[{"href":"https:\/\/www.frabina.ch\/es\/wp-json\/wp\/v2\/types\/page"}],"author":[{"embeddable":true,"href":"https:\/\/www.frabina.ch\/es\/wp-json\/wp\/v2\/users\/3"}],"replies":[{"embeddable":true,"href":"https:\/\/www.frabina.ch\/es\/wp-json\/wp\/v2\/comments?post=17230"}],"version-history":[{"count":13,"href":"https:\/\/www.frabina.ch\/es\/wp-json\/wp\/v2\/pages\/17230\/revisions"}],"predecessor-version":[{"id":23140,"href":"https:\/\/www.frabina.ch\/es\/wp-json\/wp\/v2\/pages\/17230\/revisions\/23140"}],"wp:attachment":[{"href":"https:\/\/www.frabina.ch\/es\/wp-json\/wp\/v2\/media?parent=17230"}],"curies":[{"name":"wp","href":"https:\/\/api.w.org\/{rel}","templated":true}]}}